{"id":579,"date":"2022-06-17T21:40:16","date_gmt":"2022-06-18T00:40:16","guid":{"rendered":"https:\/\/thaisrigo.com\/?page_id=579"},"modified":"2022-06-17T21:41:25","modified_gmt":"2022-06-18T00:41:25","slug":"obrigada","status":"publish","type":"page","link":"https:\/\/thaisrigo.com\/index.php\/obrigada\/","title":{"rendered":"Obrigada"},"content":{"rendered":"\t\t<div data-elementor-type=\"wp-page\" data-elementor-id=\"579\" class=\"elementor elementor-579\">\n\t\t\t\t\t\t<section class=\"elementor-section elementor-top-section elementor-element elementor-element-f64602b elementor-section-content-middle elementor-section-boxed elementor-section-height-default elementor-section-height-default\" data-id=\"f64602b\" data-element_type=\"section\" data-e-type=\"section\" data-settings=\"{&quot;background_background&quot;:&quot;classic&quot;}\">\n\t\t\t\t\t\t<div class=\"elementor-container elementor-column-gap-default\">\n\t\t\t\t\t<div class=\"elementor-column elementor-col-50 elementor-top-column elementor-element elementor-element-2af2ad4\" data-id=\"2af2ad4\" data-element_type=\"column\" data-e-type=\"column\" data-settings=\"{&quot;background_background&quot;:&quot;classic&quot;}\">\n\t\t\t<div class=\"elementor-widget-wrap elementor-element-populated\">\n\t\t\t\t\t\t<div class=\"elementor-element elementor-element-1a9f286 elementor-widget elementor-widget-heading\" data-id=\"1a9f286\" data-element_type=\"widget\" data-e-type=\"widget\" data-widget_type=\"heading.default\">\n\t\t\t\t<div class=\"elementor-widget-container\">\n\t\t\t\t\t<h2 class=\"elementor-heading-title elementor-size-default\">Obrigada pela sua compra! <br> \n<br> Acabamos de receber seu pedido e j\u00e1 estamos preparando sua entrega<\/h2>\t\t\t\t<\/div>\n\t\t\t\t<\/div>\n\t\t\t\t\t<\/div>\n\t\t<\/div>\n\t\t\t\t<div class=\"elementor-column elementor-col-50 elementor-top-column elementor-element elementor-element-21305ec\" data-id=\"21305ec\" data-element_type=\"column\" data-e-type=\"column\">\n\t\t\t<div class=\"elementor-widget-wrap elementor-element-populated\">\n\t\t\t\t\t\t<div class=\"elementor-element elementor-element-26e39df elementor-widget elementor-widget-image\" data-id=\"26e39df\" data-element_type=\"widget\" data-e-type=\"widget\" data-widget_type=\"image.default\">\n\t\t\t\t<div class=\"elementor-widget-container\">\n\t\t\t\t\t\t\t\t\t\t\t\t\t\t\t<img fetchpriority=\"high\" decoding=\"async\" width=\"1024\" height=\"1024\" src=\"https:\/\/thaisrigo.com\/wp-content\/uploads\/2022\/06\/Eu-logo-1024x1024.png\" class=\"attachment-large size-large wp-image-265\" alt=\"\" srcset=\"https:\/\/thaisrigo.com\/wp-content\/uploads\/2022\/06\/Eu-logo-1024x1024.png 1024w, https:\/\/thaisrigo.com\/wp-content\/uploads\/2022\/06\/Eu-logo-300x300.png 300w, https:\/\/thaisrigo.com\/wp-content\/uploads\/2022\/06\/Eu-logo-150x150.png 150w, https:\/\/thaisrigo.com\/wp-content\/uploads\/2022\/06\/Eu-logo-768x768.png 768w, https:\/\/thaisrigo.com\/wp-content\/uploads\/2022\/06\/Eu-logo.png 1080w\" sizes=\"(max-width: 1024px) 100vw, 1024px\" \/>\t\t\t\t\t\t\t\t\t\t\t\t\t\t\t<\/div>\n\t\t\t\t<\/div>\n\t\t\t\t\t<\/div>\n\t\t<\/div>\n\t\t\t\t\t<\/div>\n\t\t<\/section>\n\t\t\t\t<section class=\"elementor-section elementor-top-section elementor-element elementor-element-2c35c10 elementor-section-boxed elementor-section-height-default elementor-section-height-default\" data-id=\"2c35c10\" data-element_type=\"section\" data-e-type=\"section\">\n\t\t\t\t\t\t<div class=\"elementor-container elementor-column-gap-default\">\n\t\t\t\t\t<div class=\"elementor-column elementor-col-100 elementor-top-column elementor-element elementor-element-52e461b\" data-id=\"52e461b\" data-element_type=\"column\" data-e-type=\"column\" data-settings=\"{&quot;background_background&quot;:&quot;classic&quot;}\">\n\t\t\t<div class=\"elementor-widget-wrap elementor-element-populated\">\n\t\t\t\t\t\t<div class=\"elementor-element elementor-element-4f32b8d elementor-widget elementor-widget-heading\" data-id=\"4f32b8d\" data-element_type=\"widget\" data-e-type=\"widget\" data-widget_type=\"heading.default\">\n\t\t\t\t<div class=\"elementor-widget-container\">\n\t\t\t\t\t<h2 class=\"elementor-heading-title elementor-size-default\">O seu E-book ser\u00e1 enviado por e-mail assim que seu pagamento for confirmado<\/h2>\t\t\t\t<\/div>\n\t\t\t\t<\/div>\n\t\t\t\t<div class=\"elementor-element elementor-element-bd8cc5f elementor-widget elementor-widget-text-editor\" data-id=\"bd8cc5f\" data-element_type=\"widget\" data-e-type=\"widget\" data-widget_type=\"text-editor.default\">\n\t\t\t\t<div class=\"elementor-widget-container\">\n\t\t\t\t\t\t\t\t\t<p>Se voc\u00ea pagou com cart\u00e3o de cr\u00e9dito ou pix, deve levar alguns minutos para receber. <span style=\"font-size: 16px;\">Caso tenha pagado via boleto, podem levar at\u00e9 3 dias \u00fateis para que o banco confirme o pagamento. <\/span><\/p><p><span style=\"font-size: 16px;\">Voc\u00ea receber\u00e1 na sua caixa de entrada uma mensagem com o assunto \u201cE-book Est\u00edmulos Cognitivos Volume 1\u201d assim que estiver tudo ok, e se tiver qualquer dificuldade acione nosso suporte pelo e-mail contato@thaisrigo.com<\/span><\/p>\t\t\t\t\t\t\t\t<\/div>\n\t\t\t\t<\/div>\n\t\t\t\t\t<\/div>\n\t\t<\/div>\n\t\t\t\t\t<\/div>\n\t\t<\/section>\n\t\t\t\t<section class=\"elementor-section elementor-top-section elementor-element elementor-element-61f3331 elementor-section-boxed elementor-section-height-default elementor-section-height-default\" data-id=\"61f3331\" data-element_type=\"section\" data-e-type=\"section\">\n\t\t\t\t\t\t<div class=\"elementor-container elementor-column-gap-default\">\n\t\t\t\t\t<div class=\"elementor-column elementor-col-100 elementor-top-column elementor-element elementor-element-88fdc88\" data-id=\"88fdc88\" data-element_type=\"column\" data-e-type=\"column\">\n\t\t\t<div class=\"elementor-widget-wrap elementor-element-populated\">\n\t\t\t\t\t\t<div class=\"elementor-element elementor-element-72c42e6 elementor-widget elementor-widget-text-editor\" data-id=\"72c42e6\" data-element_type=\"widget\" data-e-type=\"widget\" data-widget_type=\"text-editor.default\">\n\t\t\t\t<div class=\"elementor-widget-container\">\n\t\t\t\t\t\t\t\t\t<p>Quer continuar estimulando sua mem\u00f3ria?&nbsp;<\/p>\n<p>Acesse a Oficina da Cogni\u00e7\u00e3o 2.0 agora e ganhe um modulo totalmente gratuito.&nbsp;&nbsp;<\/p>\t\t\t\t\t\t\t\t<\/div>\n\t\t\t\t<\/div>\n\t\t\t\t<div class=\"elementor-element elementor-element-4320b30 elementor-align-center elementor-widget elementor-widget-button\" data-id=\"4320b30\" data-element_type=\"widget\" data-e-type=\"widget\" data-widget_type=\"button.default\">\n\t\t\t\t<div class=\"elementor-widget-container\">\n\t\t\t\t\t\t\t\t\t<div class=\"elementor-button-wrapper\">\n\t\t\t\t\t<a class=\"elementor-button elementor-button-link elementor-size-md\" href=\"https:\/\/cursos.nutror.com\/curso\/7c8f257d28e579cc52157d935674566bc29c4952\/aula\/3664226\">\n\t\t\t\t\t\t<span class=\"elementor-button-content-wrapper\">\n\t\t\t\t\t\t\t\t\t<span class=\"elementor-button-text\">Acesse Agora<\/span>\n\t\t\t\t\t<\/span>\n\t\t\t\t\t<\/a>\n\t\t\t\t<\/div>\n\t\t\t\t\t\t\t\t<\/div>\n\t\t\t\t<\/div>\n\t\t\t\t\t<\/div>\n\t\t<\/div>\n\t\t\t\t\t<\/div>\n\t\t<\/section>\n\t\t\t\t<section class=\"elementor-section elementor-top-section elementor-element elementor-element-f6149ba elementor-section-boxed elementor-section-height-default elementor-section-height-default\" data-id=\"f6149ba\" data-element_type=\"section\" data-e-type=\"section\" data-settings=\"{&quot;background_background&quot;:&quot;classic&quot;}\">\n\t\t\t\t\t\t<div class=\"elementor-container elementor-column-gap-default\">\n\t\t\t\t\t<div class=\"elementor-column elementor-col-100 elementor-top-column elementor-element elementor-element-ede439a\" data-id=\"ede439a\" data-element_type=\"column\" data-e-type=\"column\">\n\t\t\t<div class=\"elementor-widget-wrap elementor-element-populated\">\n\t\t\t\t\t\t<div class=\"elementor-element elementor-element-dedd4f0 elementor-widget elementor-widget-text-editor\" data-id=\"dedd4f0\" data-element_type=\"widget\" data-e-type=\"widget\" data-widget_type=\"text-editor.default\">\n\t\t\t\t<div class=\"elementor-widget-container\">\n\t\t\t\t\t\t\t\t\t<p>Copyright \u00a9 2022 &#8211; Thais Rigo &#8211; Todos os Direitos Reservados<\/p>\t\t\t\t\t\t\t\t<\/div>\n\t\t\t\t<\/div>\n\t\t\t\t\t<\/div>\n\t\t<\/div>\n\t\t\t\t\t<\/div>\n\t\t<\/section>\n\t\t\t\t<\/div>\n\t\t","protected":false},"excerpt":{"rendered":"<p>Obrigada pela sua compra! Acabamos de receber seu pedido e j\u00e1 estamos preparando sua entrega O seu E-book ser\u00e1 enviado por e-mail assim que seu pagamento for confirmado Se voc\u00ea pagou com cart\u00e3o de cr\u00e9dito ou pix, deve levar alguns minutos para receber. Caso tenha pagado via boleto, podem levar at\u00e9 3 dias \u00fateis para [&hellip;]<\/p>\n","protected":false},"author":1,"featured_media":0,"parent":0,"menu_order":0,"comment_status":"closed","ping_status":"closed","template":"elementor_canvas","meta":{"site-sidebar-layout":"no-sidebar","site-content-layout":"page-builder","ast-site-content-layout":"default","site-content-style":"default","site-sidebar-style":"default","ast-global-header-display":"","ast-banner-title-visibility":"","ast-main-header-display":"","ast-hfb-above-header-display":"","ast-hfb-below-header-display":"","ast-hfb-mobile-header-display":"","site-post-title":"disabled","ast-breadcrumbs-content":"","ast-featured-img":"disabled","footer-sml-layout":"","ast-disable-related-posts":"","theme-transparent-header-meta":"","adv-header-id-meta":"","stick-header-meta":"","header-above-stick-meta":"","header-main-stick-meta":"","header-below-stick-meta":"","astra-migrate-meta-layouts":"default","ast-page-background-enabled":"default","ast-page-background-meta":{"desktop":{"background-color":"var(--ast-global-color-4)","background-image":"","background-repeat":"repeat","background-position":"center center","background-size":"auto","background-attachment":"scroll","background-type":"","background-media":"","overlay-type":"","overlay-color":"","overlay-opacity":"","overlay-gradient":""},"tablet":{"background-color":"","background-image":"","background-repeat":"repeat","background-position":"center center","background-size":"auto","background-attachment":"scroll","background-type":"","background-media":"","overlay-type":"","overlay-color":"","overlay-opacity":"","overlay-gradient":""},"mobile":{"background-color":"","background-image":"","background-repeat":"repeat","background-position":"center center","background-size":"auto","background-attachment":"scroll","background-type":"","background-media":"","overlay-type":"","overlay-color":"","overlay-opacity":"","overlay-gradient":""}},"ast-content-background-meta":{"desktop":{"background-color":"var(--ast-global-color-5)","background-image":"","background-repeat":"repeat","background-position":"center center","background-size":"auto","background-attachment":"scroll","background-type":"","background-media":"","overlay-type":"","overlay-color":"","overlay-opacity":"","overlay-gradient":""},"tablet":{"background-color":"var(--ast-global-color-5)","background-image":"","background-repeat":"repeat","background-position":"center center","background-size":"auto","background-attachment":"scroll","background-type":"","background-media":"","overlay-type":"","overlay-color":"","overlay-opacity":"","overlay-gradient":""},"mobile":{"background-color":"var(--ast-global-color-5)","background-image":"","background-repeat":"repeat","background-position":"center center","background-size":"auto","background-attachment":"scroll","background-type":"","background-media":"","overlay-type":"","overlay-color":"","overlay-opacity":"","overlay-gradient":""}},"footnotes":""},"class_list":["post-579","page","type-page","status-publish","hentry"],"yoast_head":"<!-- This site is optimized with the Yoast SEO plugin v27.5 - https:\/\/yoast.com\/product\/yoast-seo-wordpress\/ -->\n<title>Obrigada - Thais Rigo Geront\u00f3loga<\/title>\n<meta name=\"robots\" content=\"index, follow, max-snippet:-1, max-image-preview:large, max-video-preview:-1\" \/>\n<link rel=\"canonical\" href=\"https:\/\/thaisrigo.com\/index.php\/obrigada\/\" \/>\n<meta property=\"og:locale\" content=\"pt_BR\" \/>\n<meta property=\"og:type\" content=\"article\" \/>\n<meta property=\"og:title\" content=\"Obrigada - Thais Rigo Geront\u00f3loga\" \/>\n<meta property=\"og:description\" content=\"Obrigada pela sua compra! Acabamos de receber seu pedido e j\u00e1 estamos preparando sua entrega O seu E-book ser\u00e1 enviado por e-mail assim que seu pagamento for confirmado Se voc\u00ea pagou com cart\u00e3o de cr\u00e9dito ou pix, deve levar alguns minutos para receber. Caso tenha pagado via boleto, podem levar at\u00e9 3 dias \u00fateis para [&hellip;]\" \/>\n<meta property=\"og:url\" content=\"https:\/\/thaisrigo.com\/index.php\/obrigada\/\" \/>\n<meta property=\"og:site_name\" content=\"Thais Rigo Geront\u00f3loga\" \/>\n<meta property=\"article:modified_time\" content=\"2022-06-18T00:41:25+00:00\" \/>\n<meta property=\"og:image\" content=\"http:\/\/thaisrigo.com\/wp-content\/uploads\/2022\/06\/Eu-logo-1024x1024.png\" \/>\n<meta name=\"twitter:card\" content=\"summary_large_image\" \/>\n<meta name=\"twitter:label1\" content=\"Est. tempo de leitura\" \/>\n\t<meta name=\"twitter:data1\" content=\"1 minuto\" \/>\n<script type=\"application\/ld+json\" class=\"yoast-schema-graph\">{\"@context\":\"https:\\\/\\\/schema.org\",\"@graph\":[{\"@type\":\"WebPage\",\"@id\":\"https:\\\/\\\/thaisrigo.com\\\/index.php\\\/obrigada\\\/\",\"url\":\"https:\\\/\\\/thaisrigo.com\\\/index.php\\\/obrigada\\\/\",\"name\":\"Obrigada - Thais Rigo Geront\u00f3loga\",\"isPartOf\":{\"@id\":\"https:\\\/\\\/thaisrigo.com\\\/#website\"},\"primaryImageOfPage\":{\"@id\":\"https:\\\/\\\/thaisrigo.com\\\/index.php\\\/obrigada\\\/#primaryimage\"},\"image\":{\"@id\":\"https:\\\/\\\/thaisrigo.com\\\/index.php\\\/obrigada\\\/#primaryimage\"},\"thumbnailUrl\":\"http:\\\/\\\/thaisrigo.com\\\/wp-content\\\/uploads\\\/2022\\\/06\\\/Eu-logo-1024x1024.png\",\"datePublished\":\"2022-06-18T00:40:16+00:00\",\"dateModified\":\"2022-06-18T00:41:25+00:00\",\"breadcrumb\":{\"@id\":\"https:\\\/\\\/thaisrigo.com\\\/index.php\\\/obrigada\\\/#breadcrumb\"},\"inLanguage\":\"pt-BR\",\"potentialAction\":[{\"@type\":\"ReadAction\",\"target\":[\"https:\\\/\\\/thaisrigo.com\\\/index.php\\\/obrigada\\\/\"]}]},{\"@type\":\"ImageObject\",\"inLanguage\":\"pt-BR\",\"@id\":\"https:\\\/\\\/thaisrigo.com\\\/index.php\\\/obrigada\\\/#primaryimage\",\"url\":\"http:\\\/\\\/thaisrigo.com\\\/wp-content\\\/uploads\\\/2022\\\/06\\\/Eu-logo-1024x1024.png\",\"contentUrl\":\"http:\\\/\\\/thaisrigo.com\\\/wp-content\\\/uploads\\\/2022\\\/06\\\/Eu-logo-1024x1024.png\"},{\"@type\":\"BreadcrumbList\",\"@id\":\"https:\\\/\\\/thaisrigo.com\\\/index.php\\\/obrigada\\\/#breadcrumb\",\"itemListElement\":[{\"@type\":\"ListItem\",\"position\":1,\"name\":\"In\u00edcio\",\"item\":\"https:\\\/\\\/thaisrigo.com\\\/\"},{\"@type\":\"ListItem\",\"position\":2,\"name\":\"Obrigada\"}]},{\"@type\":\"WebSite\",\"@id\":\"https:\\\/\\\/thaisrigo.com\\\/#website\",\"url\":\"https:\\\/\\\/thaisrigo.com\\\/\",\"name\":\"Thais Rigo Geront\u00f3loga\",\"description\":\"S\u00f3 envelhece quem vive\",\"potentialAction\":[{\"@type\":\"SearchAction\",\"target\":{\"@type\":\"EntryPoint\",\"urlTemplate\":\"https:\\\/\\\/thaisrigo.com\\\/?s={search_term_string}\"},\"query-input\":{\"@type\":\"PropertyValueSpecification\",\"valueRequired\":true,\"valueName\":\"search_term_string\"}}],\"inLanguage\":\"pt-BR\"}]}<\/script>\n<!-- \/ Yoast SEO plugin. -->","yoast_head_json":{"title":"Obrigada - Thais Rigo Geront\u00f3loga","robots":{"index":"index","follow":"follow","max-snippet":"max-snippet:-1","max-image-preview":"max-image-preview:large","max-video-preview":"max-video-preview:-1"},"canonical":"https:\/\/thaisrigo.com\/index.php\/obrigada\/","og_locale":"pt_BR","og_type":"article","og_title":"Obrigada - Thais Rigo Geront\u00f3loga","og_description":"Obrigada pela sua compra! Acabamos de receber seu pedido e j\u00e1 estamos preparando sua entrega O seu E-book ser\u00e1 enviado por e-mail assim que seu pagamento for confirmado Se voc\u00ea pagou com cart\u00e3o de cr\u00e9dito ou pix, deve levar alguns minutos para receber. Caso tenha pagado via boleto, podem levar at\u00e9 3 dias \u00fateis para [&hellip;]","og_url":"https:\/\/thaisrigo.com\/index.php\/obrigada\/","og_site_name":"Thais Rigo Geront\u00f3loga","article_modified_time":"2022-06-18T00:41:25+00:00","og_image":[{"url":"http:\/\/thaisrigo.com\/wp-content\/uploads\/2022\/06\/Eu-logo-1024x1024.png","type":"","width":"","height":""}],"twitter_card":"summary_large_image","twitter_misc":{"Est. tempo de leitura":"1 minuto"},"schema":{"@context":"https:\/\/schema.org","@graph":[{"@type":"WebPage","@id":"https:\/\/thaisrigo.com\/index.php\/obrigada\/","url":"https:\/\/thaisrigo.com\/index.php\/obrigada\/","name":"Obrigada - Thais Rigo Geront\u00f3loga","isPartOf":{"@id":"https:\/\/thaisrigo.com\/#website"},"primaryImageOfPage":{"@id":"https:\/\/thaisrigo.com\/index.php\/obrigada\/#primaryimage"},"image":{"@id":"https:\/\/thaisrigo.com\/index.php\/obrigada\/#primaryimage"},"thumbnailUrl":"http:\/\/thaisrigo.com\/wp-content\/uploads\/2022\/06\/Eu-logo-1024x1024.png","datePublished":"2022-06-18T00:40:16+00:00","dateModified":"2022-06-18T00:41:25+00:00","breadcrumb":{"@id":"https:\/\/thaisrigo.com\/index.php\/obrigada\/#breadcrumb"},"inLanguage":"pt-BR","potentialAction":[{"@type":"ReadAction","target":["https:\/\/thaisrigo.com\/index.php\/obrigada\/"]}]},{"@type":"ImageObject","inLanguage":"pt-BR","@id":"https:\/\/thaisrigo.com\/index.php\/obrigada\/#primaryimage","url":"http:\/\/thaisrigo.com\/wp-content\/uploads\/2022\/06\/Eu-logo-1024x1024.png","contentUrl":"http:\/\/thaisrigo.com\/wp-content\/uploads\/2022\/06\/Eu-logo-1024x1024.png"},{"@type":"BreadcrumbList","@id":"https:\/\/thaisrigo.com\/index.php\/obrigada\/#breadcrumb","itemListElement":[{"@type":"ListItem","position":1,"name":"In\u00edcio","item":"https:\/\/thaisrigo.com\/"},{"@type":"ListItem","position":2,"name":"Obrigada"}]},{"@type":"WebSite","@id":"https:\/\/thaisrigo.com\/#website","url":"https:\/\/thaisrigo.com\/","name":"Thais Rigo Geront\u00f3loga","description":"S\u00f3 envelhece quem vive","potentialAction":[{"@type":"SearchAction","target":{"@type":"EntryPoint","urlTemplate":"https:\/\/thaisrigo.com\/?s={search_term_string}"},"query-input":{"@type":"PropertyValueSpecification","valueRequired":true,"valueName":"search_term_string"}}],"inLanguage":"pt-BR"}]}},"_links":{"self":[{"href":"https:\/\/thaisrigo.com\/index.php\/wp-json\/wp\/v2\/pages\/579","targetHints":{"allow":["GET"]}}],"collection":[{"href":"https:\/\/thaisrigo.com\/index.php\/wp-json\/wp\/v2\/pages"}],"about":[{"href":"https:\/\/thaisrigo.com\/index.php\/wp-json\/wp\/v2\/types\/page"}],"author":[{"embeddable":true,"href":"https:\/\/thaisrigo.com\/index.php\/wp-json\/wp\/v2\/users\/1"}],"replies":[{"embeddable":true,"href":"https:\/\/thaisrigo.com\/index.php\/wp-json\/wp\/v2\/comments?post=579"}],"version-history":[{"count":7,"href":"https:\/\/thaisrigo.com\/index.php\/wp-json\/wp\/v2\/pages\/579\/revisions"}],"predecessor-version":[{"id":589,"href":"https:\/\/thaisrigo.com\/index.php\/wp-json\/wp\/v2\/pages\/579\/revisions\/589"}],"wp:attachment":[{"href":"https:\/\/thaisrigo.com\/index.php\/wp-json\/wp\/v2\/media?parent=579"}],"curies":[{"name":"wp","href":"https:\/\/api.w.org\/{rel}","templated":true}]}}