{"id":201,"date":"2022-06-08T17:02:02","date_gmt":"2022-06-08T20:02:02","guid":{"rendered":"https:\/\/thaisrigo.com\/?page_id=201"},"modified":"2022-06-28T12:29:39","modified_gmt":"2022-06-28T15:29:39","slug":"sobre-velhice-saudavel-e-gerontologia","status":"publish","type":"page","link":"https:\/\/thaisrigo.com\/index.php\/sobre-velhice-saudavel-e-gerontologia\/","title":{"rendered":"Sobre"},"content":{"rendered":"\t\t<div data-elementor-type=\"wp-page\" data-elementor-id=\"201\" class=\"elementor elementor-201\">\n\t\t\t\t\t\t\t\t\t<section class=\"elementor-section elementor-top-section elementor-element elementor-element-2a08df5 elementor-section-boxed elementor-section-height-default elementor-section-height-default\" data-id=\"2a08df5\" data-element_type=\"section\" data-settings=\"{&quot;background_background&quot;:&quot;classic&quot;}\">\n\t\t\t\t\t\t<div class=\"elementor-container elementor-column-gap-default\">\n\t\t\t\t\t<div class=\"elementor-column elementor-col-100 elementor-top-column elementor-element elementor-element-8effd5a\" data-id=\"8effd5a\" data-element_type=\"column\">\n\t\t\t<div class=\"elementor-widget-wrap elementor-element-populated\">\n\t\t\t\t\t\t\t\t<div class=\"elementor-element elementor-element-760c1c2 elementor-widget elementor-widget-heading\" data-id=\"760c1c2\" data-element_type=\"widget\" data-widget_type=\"heading.default\">\n\t\t\t\t<div class=\"elementor-widget-container\">\n\t\t\t<style>\/*! elementor - v3.7.4 - 31-08-2022 *\/\n.elementor-heading-title{padding:0;margin:0;line-height:1}.elementor-widget-heading .elementor-heading-title[class*=elementor-size-]>a{color:inherit;font-size:inherit;line-height:inherit}.elementor-widget-heading .elementor-heading-title.elementor-size-small{font-size:15px}.elementor-widget-heading .elementor-heading-title.elementor-size-medium{font-size:19px}.elementor-widget-heading .elementor-heading-title.elementor-size-large{font-size:29px}.elementor-widget-heading .elementor-heading-title.elementor-size-xl{font-size:39px}.elementor-widget-heading .elementor-heading-title.elementor-size-xxl{font-size:59px}<\/style><h2 class=\"elementor-heading-title elementor-size-default\"><a href=\"http:\/\/thaisrigo.com\">In\u00edcio<\/a><\/h2>\t\t<\/div>\n\t\t\t\t<\/div>\n\t\t\t\t\t<\/div>\n\t\t<\/div>\n\t\t\t\t\t\t\t<\/div>\n\t\t<\/section>\n\t\t\t\t<section class=\"elementor-section elementor-top-section elementor-element elementor-element-afdf41b elementor-section-content-middle elementor-section-full_width elementor-section-height-default elementor-section-height-default\" data-id=\"afdf41b\" data-element_type=\"section\" data-settings=\"{&quot;background_background&quot;:&quot;classic&quot;}\">\n\t\t\t\t\t\t<div class=\"elementor-container elementor-column-gap-default\">\n\t\t\t\t\t<div class=\"elementor-column elementor-col-50 elementor-top-column elementor-element elementor-element-c8283d6\" data-id=\"c8283d6\" data-element_type=\"column\">\n\t\t\t<div class=\"elementor-widget-wrap elementor-element-populated\">\n\t\t\t\t\t\t\t\t<div class=\"elementor-element elementor-element-851be09 elementor-widget elementor-widget-image\" data-id=\"851be09\" data-element_type=\"widget\" data-widget_type=\"image.default\">\n\t\t\t\t<div class=\"elementor-widget-container\">\n\t\t\t<style>\/*! elementor - v3.7.4 - 31-08-2022 *\/\n.elementor-widget-image{text-align:center}.elementor-widget-image a{display:inline-block}.elementor-widget-image a img[src$=\".svg\"]{width:48px}.elementor-widget-image img{vertical-align:middle;display:inline-block}<\/style>\t\t\t\t\t\t\t\t\t\t\t\t<img width=\"1024\" height=\"1024\" src=\"https:\/\/thaisrigo.com\/wp-content\/uploads\/2022\/06\/Eu-logo-1024x1024.png\" class=\"attachment-large size-large\" alt=\"\" loading=\"lazy\" srcset=\"https:\/\/thaisrigo.com\/wp-content\/uploads\/2022\/06\/Eu-logo-1024x1024.png 1024w, https:\/\/thaisrigo.com\/wp-content\/uploads\/2022\/06\/Eu-logo-300x300.png 300w, https:\/\/thaisrigo.com\/wp-content\/uploads\/2022\/06\/Eu-logo-150x150.png 150w, https:\/\/thaisrigo.com\/wp-content\/uploads\/2022\/06\/Eu-logo-768x768.png 768w, https:\/\/thaisrigo.com\/wp-content\/uploads\/2022\/06\/Eu-logo.png 1080w\" sizes=\"(max-width: 1024px) 100vw, 1024px\" \/>\t\t\t\t\t\t\t\t\t\t\t\t\t\t\t<\/div>\n\t\t\t\t<\/div>\n\t\t\t\t\t<\/div>\n\t\t<\/div>\n\t\t\t\t<div class=\"elementor-column elementor-col-50 elementor-top-column elementor-element elementor-element-c0ab674\" data-id=\"c0ab674\" data-element_type=\"column\">\n\t\t\t<div class=\"elementor-widget-wrap elementor-element-populated\">\n\t\t\t\t\t\t\t\t<div class=\"elementor-element elementor-element-8e4a587 elementor-widget__width-inherit elementor-widget elementor-widget-heading\" data-id=\"8e4a587\" data-element_type=\"widget\" data-widget_type=\"heading.default\">\n\t\t\t\t<div class=\"elementor-widget-container\">\n\t\t\t<h2 class=\"elementor-heading-title elementor-size-default\">Thais Rigo <br>Geront\u00f3loga <\/h2>\t\t<\/div>\n\t\t\t\t<\/div>\n\t\t\t\t<div class=\"elementor-element elementor-element-49f6395 elementor-widget elementor-widget-text-editor\" data-id=\"49f6395\" data-element_type=\"widget\" data-widget_type=\"text-editor.default\">\n\t\t\t\t<div class=\"elementor-widget-container\">\n\t\t\t<style>\/*! elementor - v3.7.4 - 31-08-2022 *\/\n.elementor-widget-text-editor.elementor-drop-cap-view-stacked .elementor-drop-cap{background-color:#818a91;color:#fff}.elementor-widget-text-editor.elementor-drop-cap-view-framed .elementor-drop-cap{color:#818a91;border:3px solid;background-color:transparent}.elementor-widget-text-editor:not(.elementor-drop-cap-view-default) .elementor-drop-cap{margin-top:8px}.elementor-widget-text-editor:not(.elementor-drop-cap-view-default) .elementor-drop-cap-letter{width:1em;height:1em}.elementor-widget-text-editor .elementor-drop-cap{float:left;text-align:center;line-height:1;font-size:50px}.elementor-widget-text-editor .elementor-drop-cap-letter{display:inline-block}<\/style>\t\t\t\t<p style=\"text-align: center;\">Como Geront\u00f3loga quero um envelhecimento mais digno para todos, pra isso \u00e9 importante garantir o acesso a informa\u00e7\u00f5es e servi\u00e7os, e este \u00e9 o meu intuito.<\/p>\t\t\t\t\t\t<\/div>\n\t\t\t\t<\/div>\n\t\t\t\t\t<\/div>\n\t\t<\/div>\n\t\t\t\t\t\t\t<\/div>\n\t\t<\/section>\n\t\t\t\t<section class=\"elementor-section elementor-top-section elementor-element elementor-element-237e3a1 elementor-section-full_width elementor-section-content-top elementor-section-height-default elementor-section-height-default\" data-id=\"237e3a1\" data-element_type=\"section\" data-settings=\"{&quot;background_background&quot;:&quot;gradient&quot;}\">\n\t\t\t\t\t\t<div class=\"elementor-container elementor-column-gap-default\">\n\t\t\t\t\t<div class=\"elementor-column elementor-col-50 elementor-top-column elementor-element elementor-element-d4193cb\" data-id=\"d4193cb\" data-element_type=\"column\" data-settings=\"{&quot;background_background&quot;:&quot;classic&quot;}\">\n\t\t\t<div class=\"elementor-widget-wrap elementor-element-populated\">\n\t\t\t\t\t\t\t\t<div class=\"elementor-element elementor-element-c408150 elementor-widget elementor-widget-heading\" data-id=\"c408150\" data-element_type=\"widget\" data-widget_type=\"heading.default\">\n\t\t\t\t<div class=\"elementor-widget-container\">\n\t\t\t<h2 class=\"elementor-heading-title elementor-size-default\">Geront\u00f3loga<\/h2>\t\t<\/div>\n\t\t\t\t<\/div>\n\t\t\t\t<div class=\"elementor-element elementor-element-8937fd9 elementor-widget__width-initial elementor-widget-tablet__width-initial elementor-widget elementor-widget-text-editor\" data-id=\"8937fd9\" data-element_type=\"widget\" data-widget_type=\"text-editor.default\">\n\t\t\t\t<div class=\"elementor-widget-container\">\n\t\t\t\t\t\t\t<p>Profissional que compreender o processo de\u00a0 envelhecimento para dar suporte a pessoa idosa e sua fam\u00edlia; focado em gest\u00e3o, abrangendo compet\u00eancias de gest\u00e3o p\u00fablica e institucional, gest\u00e3o previdenci\u00e1ria, gest\u00e3o de equipe e servi\u00e7os para idosos; avalia\u00e7\u00e3o multidimensional da pessoa idosa; estimula\u00e7\u00e3o cognitiva; orienta\u00e7\u00e3o e suporte familiar, como elabora\u00e7\u00e3o de projetos e pol\u00edticas p\u00fablicas para o envelhecimento; educa\u00e7\u00e3o a cerca do processo de envelhecimento; doc\u00eancia e produ\u00e7\u00e3o cient\u00edfica nesta \u00e1rea.<\/p>\t\t\t\t\t\t<\/div>\n\t\t\t\t<\/div>\n\t\t\t\t\t<\/div>\n\t\t<\/div>\n\t\t\t\t<div class=\"elementor-column elementor-col-50 elementor-top-column elementor-element elementor-element-0a631ee\" data-id=\"0a631ee\" data-element_type=\"column\" data-settings=\"{&quot;background_background&quot;:&quot;classic&quot;}\">\n\t\t\t<div class=\"elementor-widget-wrap elementor-element-populated\">\n\t\t\t\t\t\t\t\t<div class=\"elementor-element elementor-element-937f1e9 elementor-widget elementor-widget-heading\" data-id=\"937f1e9\" data-element_type=\"widget\" data-widget_type=\"heading.default\">\n\t\t\t\t<div class=\"elementor-widget-container\">\n\t\t\t<h2 class=\"elementor-heading-title elementor-size-default\">Minhas Compet\u00eancias<\/h2>\t\t<\/div>\n\t\t\t\t<\/div>\n\t\t\t\t<div class=\"elementor-element elementor-element-a1ce872 elementor-widget__width-initial elementor-widget-tablet__width-initial elementor-widget elementor-widget-text-editor\" data-id=\"a1ce872\" data-element_type=\"widget\" data-widget_type=\"text-editor.default\">\n\t\t\t\t<div class=\"elementor-widget-container\">\n\t\t\t\t\t\t\t<ul><li><span class=\"color_11\">Graduada em Bacharelado em Gerontologia pela Universidade Federal de S\u00e3o Carlos &#8211; UFSCar.\u00a0<\/span><\/li><li class=\"font_7\">Aperfei\u00e7oamento em Neurologia pelo Centro Educacional Sete de Setembro.\u00a0<\/li><li>Aperfei\u00e7oamento em Neuroci\u00eancia e Educa\u00e7\u00e3o pelo Instituto Limbios de Neuroci\u00eancia e Educa\u00e7\u00e3o.\u00a0<\/li><li>Capacitada em Estimula\u00e7\u00e3o Cognitiva em pacientes p\u00f3s-covid19 pelo Instituto Limbios de Neuroci\u00eancia e Educa\u00e7\u00e3o.\u00a0<\/li><li>P\u00f3s graduada em MBA Executivo em Marketing, Tecnologia e Neg\u00f3cios Digitais pela Faculdade Venda Nova do Imigrante \u2013 FAVENI.<\/li><\/ul>\t\t\t\t\t\t<\/div>\n\t\t\t\t<\/div>\n\t\t\t\t\t<\/div>\n\t\t<\/div>\n\t\t\t\t\t\t\t<\/div>\n\t\t<\/section>\n\t\t\t\t<section class=\"elementor-section elementor-top-section elementor-element elementor-element-03158b8 elementor-section-full_width elementor-section-height-default elementor-section-height-default\" data-id=\"03158b8\" data-element_type=\"section\">\n\t\t\t\t\t\t<div class=\"elementor-container elementor-column-gap-default\">\n\t\t\t\t\t<div class=\"elementor-column elementor-col-100 elementor-top-column elementor-element elementor-element-c667f23\" data-id=\"c667f23\" data-element_type=\"column\">\n\t\t\t<div class=\"elementor-widget-wrap elementor-element-populated\">\n\t\t\t\t\t\t\t\t<div class=\"elementor-element elementor-element-012fca6 elementor-widget__width-inherit elementor-widget elementor-widget-image\" data-id=\"012fca6\" data-element_type=\"widget\" data-widget_type=\"image.default\">\n\t\t\t\t<div class=\"elementor-widget-container\">\n\t\t\t\t\t\t\t\t\t\t\t\t\t\t\t<img width=\"2560\" height=\"607\" src=\"https:\/\/thaisrigo.com\/wp-content\/uploads\/2022\/06\/roda-pe-site.png\" class=\"attachment-full size-full\" alt=\"\" loading=\"lazy\" srcset=\"https:\/\/thaisrigo.com\/wp-content\/uploads\/2022\/06\/roda-pe-site.png 2560w, https:\/\/thaisrigo.com\/wp-content\/uploads\/2022\/06\/roda-pe-site-300x71.png 300w, https:\/\/thaisrigo.com\/wp-content\/uploads\/2022\/06\/roda-pe-site-1024x243.png 1024w, https:\/\/thaisrigo.com\/wp-content\/uploads\/2022\/06\/roda-pe-site-768x182.png 768w, https:\/\/thaisrigo.com\/wp-content\/uploads\/2022\/06\/roda-pe-site-1536x364.png 1536w, https:\/\/thaisrigo.com\/wp-content\/uploads\/2022\/06\/roda-pe-site-2048x486.png 2048w\" sizes=\"(max-width: 2560px) 100vw, 2560px\" \/>\t\t\t\t\t\t\t\t\t\t\t\t\t\t\t<\/div>\n\t\t\t\t<\/div>\n\t\t\t\t\t<\/div>\n\t\t<\/div>\n\t\t\t\t\t\t\t<\/div>\n\t\t<\/section>\n\t\t\t\t<section class=\"elementor-section elementor-top-section elementor-element elementor-element-531df26 elementor-section-boxed elementor-section-height-default elementor-section-height-default\" data-id=\"531df26\" data-element_type=\"section\">\n\t\t\t\t\t\t<div class=\"elementor-container elementor-column-gap-default\">\n\t\t\t\t\t<div class=\"elementor-column elementor-col-100 elementor-top-column elementor-element elementor-element-2ca4263\" data-id=\"2ca4263\" data-element_type=\"column\">\n\t\t\t<div class=\"elementor-widget-wrap\">\n\t\t\t\t\t\t\t\t\t<\/div>\n\t\t<\/div>\n\t\t\t\t\t\t\t<\/div>\n\t\t<\/section>\n\t\t\t\t\t\t\t<\/div>\n\t\t","protected":false},"excerpt":{"rendered":"<p>In\u00edcio Thais Rigo Geront\u00f3loga Como Geront\u00f3loga quero um envelhecimento mais digno para todos, pra isso \u00e9 importante garantir o acesso a informa\u00e7\u00f5es e servi\u00e7os, e este \u00e9 o meu intuito. Geront\u00f3loga Profissional que compreender o processo de\u00a0 envelhecimento para dar suporte a pessoa idosa e sua fam\u00edlia; focado em gest\u00e3o, abrangendo compet\u00eancias de gest\u00e3o p\u00fablica &hellip;<\/p>\n<p class=\"read-more\"> <a class=\"\" href=\"https:\/\/thaisrigo.com\/index.php\/sobre-velhice-saudavel-e-gerontologia\/\"> <span class=\"screen-reader-text\">Sobre<\/span> Leia mais &raquo;<\/a><\/p>\n","protected":false},"author":1,"featured_media":0,"parent":0,"menu_order":0,"comment_status":"closed","ping_status":"closed","template":"elementor_canvas","meta":{"site-sidebar-layout":"no-sidebar","site-content-layout":"page-builder","ast-global-header-display":"","ast-main-header-display":"","ast-hfb-above-header-display":"","ast-hfb-below-header-display":"","ast-hfb-mobile-header-display":"","site-post-title":"disabled","ast-breadcrumbs-content":"","ast-featured-img":"disabled","footer-sml-layout":"","theme-transparent-header-meta":"","adv-header-id-meta":"","stick-header-meta":"","header-above-stick-meta":"","header-main-stick-meta":"","header-below-stick-meta":""},"yoast_head":"<!-- This site is optimized with the Yoast SEO plugin v19.6.1 - https:\/\/yoast.com\/wordpress\/plugins\/seo\/ -->\n<title>Thais Rigo Geront\u00f3loga - Sobre Thais Rigo Geront\u00f3loga<\/title>\n<meta name=\"description\" content=\"Conquiste um envelhecimento saud\u00e1vel. Transforme essa fase da sua vida e aproveite o melhor dela com um acompanhamento adequado. Sobre\" \/>\n<meta name=\"robots\" content=\"index, follow, max-snippet:-1, max-image-preview:large, max-video-preview:-1\" \/>\n<link rel=\"canonical\" href=\"https:\/\/thaisrigo.com\/index.php\/sobre-velhice-saudavel-e-gerontologia\/\" \/>\n<meta property=\"og:locale\" content=\"pt_BR\" \/>\n<meta property=\"og:type\" content=\"article\" \/>\n<meta property=\"og:title\" content=\"Thais Rigo Geront\u00f3loga - Sobre Thais Rigo Geront\u00f3loga\" \/>\n<meta property=\"og:description\" content=\"Conquiste um envelhecimento saud\u00e1vel. Transforme essa fase da sua vida e aproveite o melhor dela com um acompanhamento adequado. Sobre\" \/>\n<meta property=\"og:url\" content=\"https:\/\/thaisrigo.com\/index.php\/sobre-velhice-saudavel-e-gerontologia\/\" \/>\n<meta property=\"og:site_name\" content=\"Thais Rigo Geront\u00f3loga\" \/>\n<meta property=\"article:modified_time\" content=\"2022-06-28T15:29:39+00:00\" \/>\n<meta property=\"og:image\" content=\"http:\/\/thaisrigo.com\/wp-content\/uploads\/2022\/06\/Eu-logo-1024x1024.png\" \/>\n<meta name=\"twitter:card\" content=\"summary_large_image\" \/>\n<meta name=\"twitter:label1\" content=\"Est. tempo de leitura\" \/>\n\t<meta name=\"twitter:data1\" content=\"2 minutos\" \/>\n<script type=\"application\/ld+json\" class=\"yoast-schema-graph\">{\"@context\":\"https:\/\/schema.org\",\"@graph\":[{\"@type\":\"WebPage\",\"@id\":\"https:\/\/thaisrigo.com\/index.php\/sobre-velhice-saudavel-e-gerontologia\/\",\"url\":\"https:\/\/thaisrigo.com\/index.php\/sobre-velhice-saudavel-e-gerontologia\/\",\"name\":\"Thais Rigo Geront\u00f3loga - Sobre Thais Rigo Geront\u00f3loga\",\"isPartOf\":{\"@id\":\"https:\/\/thaisrigo.com\/#website\"},\"datePublished\":\"2022-06-08T20:02:02+00:00\",\"dateModified\":\"2022-06-28T15:29:39+00:00\",\"description\":\"Conquiste um envelhecimento saud\u00e1vel. Transforme essa fase da sua vida e aproveite o melhor dela com um acompanhamento adequado. Sobre\",\"breadcrumb\":{\"@id\":\"https:\/\/thaisrigo.com\/index.php\/sobre-velhice-saudavel-e-gerontologia\/#breadcrumb\"},\"inLanguage\":\"pt-BR\",\"potentialAction\":[{\"@type\":\"ReadAction\",\"target\":[\"https:\/\/thaisrigo.com\/index.php\/sobre-velhice-saudavel-e-gerontologia\/\"]}]},{\"@type\":\"BreadcrumbList\",\"@id\":\"https:\/\/thaisrigo.com\/index.php\/sobre-velhice-saudavel-e-gerontologia\/#breadcrumb\",\"itemListElement\":[{\"@type\":\"ListItem\",\"position\":1,\"name\":\"In\u00edcio\",\"item\":\"https:\/\/thaisrigo.com\/\"},{\"@type\":\"ListItem\",\"position\":2,\"name\":\"Sobre\"}]},{\"@type\":\"WebSite\",\"@id\":\"https:\/\/thaisrigo.com\/#website\",\"url\":\"https:\/\/thaisrigo.com\/\",\"name\":\"Thais Rigo Geront\u00f3loga\",\"description\":\"S\u00f3 envelhece quem vive\",\"potentialAction\":[{\"@type\":\"SearchAction\",\"target\":{\"@type\":\"EntryPoint\",\"urlTemplate\":\"https:\/\/thaisrigo.com\/?s={search_term_string}\"},\"query-input\":\"required name=search_term_string\"}],\"inLanguage\":\"pt-BR\"}]}<\/script>\n<!-- \/ Yoast SEO plugin. -->","yoast_head_json":{"title":"Thais Rigo Geront\u00f3loga - Sobre Thais Rigo Geront\u00f3loga","description":"Conquiste um envelhecimento saud\u00e1vel. Transforme essa fase da sua vida e aproveite o melhor dela com um acompanhamento adequado. Sobre","robots":{"index":"index","follow":"follow","max-snippet":"max-snippet:-1","max-image-preview":"max-image-preview:large","max-video-preview":"max-video-preview:-1"},"canonical":"https:\/\/thaisrigo.com\/index.php\/sobre-velhice-saudavel-e-gerontologia\/","og_locale":"pt_BR","og_type":"article","og_title":"Thais Rigo Geront\u00f3loga - Sobre Thais Rigo Geront\u00f3loga","og_description":"Conquiste um envelhecimento saud\u00e1vel. Transforme essa fase da sua vida e aproveite o melhor dela com um acompanhamento adequado. Sobre","og_url":"https:\/\/thaisrigo.com\/index.php\/sobre-velhice-saudavel-e-gerontologia\/","og_site_name":"Thais Rigo Geront\u00f3loga","article_modified_time":"2022-06-28T15:29:39+00:00","og_image":[{"url":"http:\/\/thaisrigo.com\/wp-content\/uploads\/2022\/06\/Eu-logo-1024x1024.png"}],"twitter_card":"summary_large_image","twitter_misc":{"Est. tempo de leitura":"2 minutos"},"schema":{"@context":"https:\/\/schema.org","@graph":[{"@type":"WebPage","@id":"https:\/\/thaisrigo.com\/index.php\/sobre-velhice-saudavel-e-gerontologia\/","url":"https:\/\/thaisrigo.com\/index.php\/sobre-velhice-saudavel-e-gerontologia\/","name":"Thais Rigo Geront\u00f3loga - Sobre Thais Rigo Geront\u00f3loga","isPartOf":{"@id":"https:\/\/thaisrigo.com\/#website"},"datePublished":"2022-06-08T20:02:02+00:00","dateModified":"2022-06-28T15:29:39+00:00","description":"Conquiste um envelhecimento saud\u00e1vel. Transforme essa fase da sua vida e aproveite o melhor dela com um acompanhamento adequado. Sobre","breadcrumb":{"@id":"https:\/\/thaisrigo.com\/index.php\/sobre-velhice-saudavel-e-gerontologia\/#breadcrumb"},"inLanguage":"pt-BR","potentialAction":[{"@type":"ReadAction","target":["https:\/\/thaisrigo.com\/index.php\/sobre-velhice-saudavel-e-gerontologia\/"]}]},{"@type":"BreadcrumbList","@id":"https:\/\/thaisrigo.com\/index.php\/sobre-velhice-saudavel-e-gerontologia\/#breadcrumb","itemListElement":[{"@type":"ListItem","position":1,"name":"In\u00edcio","item":"https:\/\/thaisrigo.com\/"},{"@type":"ListItem","position":2,"name":"Sobre"}]},{"@type":"WebSite","@id":"https:\/\/thaisrigo.com\/#website","url":"https:\/\/thaisrigo.com\/","name":"Thais Rigo Geront\u00f3loga","description":"S\u00f3 envelhece quem vive","potentialAction":[{"@type":"SearchAction","target":{"@type":"EntryPoint","urlTemplate":"https:\/\/thaisrigo.com\/?s={search_term_string}"},"query-input":"required name=search_term_string"}],"inLanguage":"pt-BR"}]}},"_links":{"self":[{"href":"https:\/\/thaisrigo.com\/index.php\/wp-json\/wp\/v2\/pages\/201"}],"collection":[{"href":"https:\/\/thaisrigo.com\/index.php\/wp-json\/wp\/v2\/pages"}],"about":[{"href":"https:\/\/thaisrigo.com\/index.php\/wp-json\/wp\/v2\/types\/page"}],"author":[{"embeddable":true,"href":"https:\/\/thaisrigo.com\/index.php\/wp-json\/wp\/v2\/users\/1"}],"replies":[{"embeddable":true,"href":"https:\/\/thaisrigo.com\/index.php\/wp-json\/wp\/v2\/comments?post=201"}],"version-history":[{"count":78,"href":"https:\/\/thaisrigo.com\/index.php\/wp-json\/wp\/v2\/pages\/201\/revisions"}],"predecessor-version":[{"id":979,"href":"https:\/\/thaisrigo.com\/index.php\/wp-json\/wp\/v2\/pages\/201\/revisions\/979"}],"wp:attachment":[{"href":"https:\/\/thaisrigo.com\/index.php\/wp-json\/wp\/v2\/media?parent=201"}],"curies":[{"name":"wp","href":"https:\/\/api.w.org\/{rel}","templated":true}]}}